{"id":860,"date":"2018-12-17T03:00:45","date_gmt":"2018-12-17T03:00:45","guid":{"rendered":"https:\/\/capitalgardenhotel.com.vn\/?page_id=860"},"modified":"2024-04-10T15:00:48","modified_gmt":"2024-04-10T15:00:48","slug":"phong","status":"publish","type":"page","link":"https:\/\/capitalgardenhotel.com.vn\/vi\/phong\/","title":{"rendered":"Ph\u00f2ng"},"content":{"rendered":"<blockquote>\n<p>Capital Garden Hotel h\u00e2n h\u1ea1nh mang \u0111\u1ebfn cho qu\u00fd kh\u00e1ch 4 h\u1ea1ng ph\u00f2ng cao c\u1ea5p: Superior, Deluxe, Executive v\u00e0 Suite. M\u1ed7i h\u1ea1ng ph\u00f2ng \u0111\u1ec1u \u0111\u01b0\u1ee3c thi\u1ebft k\u1ebf t\u1ec9 m\u1ec9 v\u1edbi phong c\u00e1ch hi\u1ec7n \u0111\u1ea1i, sang tr\u1ecdng, mang \u0111\u1ebfn cho qu\u00fd kh\u00e1ch tr\u1ea3i nghi\u1ec7m l\u01b0u tr\u00fa tho\u1ea3i m\u00e1i v\u00e0 ti\u1ec7n nghi.<\/p>\n<\/blockquote>\n","protected":false},"excerpt":{"rendered":"<p>Capital Garden Hotel h\u00e2n h\u1ea1nh mang \u0111\u1ebfn cho qu\u00fd kh\u00e1ch 4 h\u1ea1ng ph\u00f2ng cao c\u1ea5p: Superior, Deluxe, Executive v\u00e0 Suite. M\u1ed7i h\u1ea1ng ph\u00f2ng \u0111\u1ec1u \u0111\u01b0\u1ee3c thi\u1ebft k\u1ebf t\u1ec9 m\u1ec9 v\u1edbi phong c\u00e1ch hi\u1ec7n \u0111\u1ea1i, sang tr\u1ecdng, mang \u0111\u1ebfn cho qu\u00fd kh\u00e1ch tr\u1ea3i nghi\u1ec7m l\u01b0u tr\u00fa tho\u1ea3i m\u00e1i v\u00e0 ti\u1ec7n nghi.<\/p>\n","protected":false},"author":1,"featured_media":1839,"parent":0,"menu_order":17,"comment_status":"closed","ping_status":"closed","template":"page-room.php","meta":{"_acf_changed":false,"footnotes":""},"class_list":["post-860","page","type-page","status-publish","has-post-thumbnail","hentry"],"acf":[],"yoast_head":"<!-- This site is optimized with the Yoast SEO plugin v25.0 - https:\/\/yoast.com\/wordpress\/plugins\/seo\/ -->\n<title>Ph\u00f2ng - Capital Garden Hotel - Kh\u00e1ch s\u1ea1n v\u01b0\u1eddn Th\u1ee7 \u0110\u00f4<\/title>\n<meta name=\"robots\" content=\"index, follow, max-snippet:-1, max-image-preview:large, max-video-preview:-1\" \/>\n<link rel=\"canonical\" href=\"https:\/\/capitalgardenhotel.com.vn\/vi\/phong\/\" \/>\n<meta property=\"og:locale\" content=\"vi_VN\" \/>\n<meta property=\"og:type\" content=\"article\" \/>\n<meta property=\"og:title\" content=\"Ph\u00f2ng - Capital Garden Hotel - Kh\u00e1ch s\u1ea1n v\u01b0\u1eddn Th\u1ee7 \u0110\u00f4\" \/>\n<meta property=\"og:description\" content=\"Capital Garden Hotel h\u00e2n h\u1ea1nh mang \u0111\u1ebfn cho qu\u00fd kh\u00e1ch 4 h\u1ea1ng ph\u00f2ng cao c\u1ea5p: Superior, Deluxe, Executive v\u00e0 Suite. M\u1ed7i h\u1ea1ng ph\u00f2ng \u0111\u1ec1u \u0111\u01b0\u1ee3c thi\u1ebft k\u1ebf t\u1ec9 m\u1ec9 v\u1edbi phong c\u00e1ch hi\u1ec7n \u0111\u1ea1i, sang tr\u1ecdng, mang \u0111\u1ebfn cho qu\u00fd kh\u00e1ch tr\u1ea3i nghi\u1ec7m l\u01b0u tr\u00fa tho\u1ea3i m\u00e1i v\u00e0 ti\u1ec7n nghi.\" \/>\n<meta property=\"og:url\" content=\"https:\/\/capitalgardenhotel.com.vn\/vi\/phong\/\" \/>\n<meta property=\"og:site_name\" content=\"Capital Garden Hotel - Kh\u00e1ch s\u1ea1n v\u01b0\u1eddn Th\u1ee7 \u0110\u00f4\" \/>\n<meta property=\"article:modified_time\" content=\"2024-04-10T15:00:48+00:00\" \/>\n<meta property=\"og:image\" content=\"https:\/\/capitalgardenhotel.com.vn\/wp-content\/uploads\/2024\/04\/DSC02105-Enhanced-NR.webp\" \/>\n\t<meta property=\"og:image:width\" content=\"1920\" \/>\n\t<meta property=\"og:image:height\" content=\"800\" \/>\n\t<meta property=\"og:image:type\" content=\"image\/webp\" \/>\n<meta name=\"twitter:card\" content=\"summary_large_image\" \/>\n<script type=\"application\/ld+json\" class=\"yoast-schema-graph\">{\"@context\":\"https:\/\/schema.org\",\"@graph\":[{\"@type\":\"WebPage\",\"@id\":\"https:\/\/capitalgardenhotel.com.vn\/vi\/phong\/\",\"url\":\"https:\/\/capitalgardenhotel.com.vn\/vi\/phong\/\",\"name\":\"Ph\u00f2ng - Capital Garden Hotel - Kh\u00e1ch s\u1ea1n v\u01b0\u1eddn Th\u1ee7 \u0110\u00f4\",\"isPartOf\":{\"@id\":\"https:\/\/capitalgardenhotel.com.vn\/#website\"},\"primaryImageOfPage\":{\"@id\":\"https:\/\/capitalgardenhotel.com.vn\/vi\/phong\/#primaryimage\"},\"image\":{\"@id\":\"https:\/\/capitalgardenhotel.com.vn\/vi\/phong\/#primaryimage\"},\"thumbnailUrl\":\"https:\/\/capitalgardenhotel.com.vn\/wp-content\/uploads\/2024\/04\/DSC02105-Enhanced-NR.webp\",\"datePublished\":\"2018-12-17T03:00:45+00:00\",\"dateModified\":\"2024-04-10T15:00:48+00:00\",\"breadcrumb\":{\"@id\":\"https:\/\/capitalgardenhotel.com.vn\/vi\/phong\/#breadcrumb\"},\"inLanguage\":\"vi-VN\",\"potentialAction\":[{\"@type\":\"ReadAction\",\"target\":[\"https:\/\/capitalgardenhotel.com.vn\/vi\/phong\/\"]}]},{\"@type\":\"ImageObject\",\"inLanguage\":\"vi-VN\",\"@id\":\"https:\/\/capitalgardenhotel.com.vn\/vi\/phong\/#primaryimage\",\"url\":\"https:\/\/capitalgardenhotel.com.vn\/wp-content\/uploads\/2024\/04\/DSC02105-Enhanced-NR.webp\",\"contentUrl\":\"https:\/\/capitalgardenhotel.com.vn\/wp-content\/uploads\/2024\/04\/DSC02105-Enhanced-NR.webp\",\"width\":1920,\"height\":800},{\"@type\":\"BreadcrumbList\",\"@id\":\"https:\/\/capitalgardenhotel.com.vn\/vi\/phong\/#breadcrumb\",\"itemListElement\":[{\"@type\":\"ListItem\",\"position\":1,\"name\":\"Home\",\"item\":\"https:\/\/capitalgardenhotel.com.vn\/\"},{\"@type\":\"ListItem\",\"position\":2,\"name\":\"Ph\u00f2ng\"}]},{\"@type\":\"WebSite\",\"@id\":\"https:\/\/capitalgardenhotel.com.vn\/#website\",\"url\":\"https:\/\/capitalgardenhotel.com.vn\/\",\"name\":\"Capital Garden Hotel\",\"description\":\"\",\"potentialAction\":[{\"@type\":\"SearchAction\",\"target\":{\"@type\":\"EntryPoint\",\"urlTemplate\":\"https:\/\/capitalgardenhotel.com.vn\/?s={search_term_string}\"},\"query-input\":{\"@type\":\"PropertyValueSpecification\",\"valueRequired\":true,\"valueName\":\"search_term_string\"}}],\"inLanguage\":\"vi-VN\"}]}<\/script>\n<!-- \/ Yoast SEO plugin. -->","yoast_head_json":{"title":"Ph\u00f2ng - Capital Garden Hotel - Kh\u00e1ch s\u1ea1n v\u01b0\u1eddn Th\u1ee7 \u0110\u00f4","robots":{"index":"index","follow":"follow","max-snippet":"max-snippet:-1","max-image-preview":"max-image-preview:large","max-video-preview":"max-video-preview:-1"},"canonical":"https:\/\/capitalgardenhotel.com.vn\/vi\/phong\/","og_locale":"vi_VN","og_type":"article","og_title":"Ph\u00f2ng - Capital Garden Hotel - Kh\u00e1ch s\u1ea1n v\u01b0\u1eddn Th\u1ee7 \u0110\u00f4","og_description":"Capital Garden Hotel h\u00e2n h\u1ea1nh mang \u0111\u1ebfn cho qu\u00fd kh\u00e1ch 4 h\u1ea1ng ph\u00f2ng cao c\u1ea5p: Superior, Deluxe, Executive v\u00e0 Suite. M\u1ed7i h\u1ea1ng ph\u00f2ng \u0111\u1ec1u \u0111\u01b0\u1ee3c thi\u1ebft k\u1ebf t\u1ec9 m\u1ec9 v\u1edbi phong c\u00e1ch hi\u1ec7n \u0111\u1ea1i, sang tr\u1ecdng, mang \u0111\u1ebfn cho qu\u00fd kh\u00e1ch tr\u1ea3i nghi\u1ec7m l\u01b0u tr\u00fa tho\u1ea3i m\u00e1i v\u00e0 ti\u1ec7n nghi.","og_url":"https:\/\/capitalgardenhotel.com.vn\/vi\/phong\/","og_site_name":"Capital Garden Hotel - Kh\u00e1ch s\u1ea1n v\u01b0\u1eddn Th\u1ee7 \u0110\u00f4","article_modified_time":"2024-04-10T15:00:48+00:00","og_image":[{"width":1920,"height":800,"url":"https:\/\/capitalgardenhotel.com.vn\/wp-content\/uploads\/2024\/04\/DSC02105-Enhanced-NR.webp","type":"image\/webp"}],"twitter_card":"summary_large_image","schema":{"@context":"https:\/\/schema.org","@graph":[{"@type":"WebPage","@id":"https:\/\/capitalgardenhotel.com.vn\/vi\/phong\/","url":"https:\/\/capitalgardenhotel.com.vn\/vi\/phong\/","name":"Ph\u00f2ng - Capital Garden Hotel - Kh\u00e1ch s\u1ea1n v\u01b0\u1eddn Th\u1ee7 \u0110\u00f4","isPartOf":{"@id":"https:\/\/capitalgardenhotel.com.vn\/#website"},"primaryImageOfPage":{"@id":"https:\/\/capitalgardenhotel.com.vn\/vi\/phong\/#primaryimage"},"image":{"@id":"https:\/\/capitalgardenhotel.com.vn\/vi\/phong\/#primaryimage"},"thumbnailUrl":"https:\/\/capitalgardenhotel.com.vn\/wp-content\/uploads\/2024\/04\/DSC02105-Enhanced-NR.webp","datePublished":"2018-12-17T03:00:45+00:00","dateModified":"2024-04-10T15:00:48+00:00","breadcrumb":{"@id":"https:\/\/capitalgardenhotel.com.vn\/vi\/phong\/#breadcrumb"},"inLanguage":"vi-VN","potentialAction":[{"@type":"ReadAction","target":["https:\/\/capitalgardenhotel.com.vn\/vi\/phong\/"]}]},{"@type":"ImageObject","inLanguage":"vi-VN","@id":"https:\/\/capitalgardenhotel.com.vn\/vi\/phong\/#primaryimage","url":"https:\/\/capitalgardenhotel.com.vn\/wp-content\/uploads\/2024\/04\/DSC02105-Enhanced-NR.webp","contentUrl":"https:\/\/capitalgardenhotel.com.vn\/wp-content\/uploads\/2024\/04\/DSC02105-Enhanced-NR.webp","width":1920,"height":800},{"@type":"BreadcrumbList","@id":"https:\/\/capitalgardenhotel.com.vn\/vi\/phong\/#breadcrumb","itemListElement":[{"@type":"ListItem","position":1,"name":"Home","item":"https:\/\/capitalgardenhotel.com.vn\/"},{"@type":"ListItem","position":2,"name":"Ph\u00f2ng"}]},{"@type":"WebSite","@id":"https:\/\/capitalgardenhotel.com.vn\/#website","url":"https:\/\/capitalgardenhotel.com.vn\/","name":"Capital Garden Hotel","description":"","potentialAction":[{"@type":"SearchAction","target":{"@type":"EntryPoint","urlTemplate":"https:\/\/capitalgardenhotel.com.vn\/?s={search_term_string}"},"query-input":{"@type":"PropertyValueSpecification","valueRequired":true,"valueName":"search_term_string"}}],"inLanguage":"vi-VN"}]}},"_links":{"self":[{"href":"https:\/\/capitalgardenhotel.com.vn\/vi\/wp-json\/wp\/v2\/pages\/860","targetHints":{"allow":["GET"]}}],"collection":[{"href":"https:\/\/capitalgardenhotel.com.vn\/vi\/wp-json\/wp\/v2\/pages"}],"about":[{"href":"https:\/\/capitalgardenhotel.com.vn\/vi\/wp-json\/wp\/v2\/types\/page"}],"author":[{"embeddable":true,"href":"https:\/\/capitalgardenhotel.com.vn\/vi\/wp-json\/wp\/v2\/users\/1"}],"replies":[{"embeddable":true,"href":"https:\/\/capitalgardenhotel.com.vn\/vi\/wp-json\/wp\/v2\/comments?post=860"}],"version-history":[{"count":0,"href":"https:\/\/capitalgardenhotel.com.vn\/vi\/wp-json\/wp\/v2\/pages\/860\/revisions"}],"wp:featuredmedia":[{"embeddable":true,"href":"https:\/\/capitalgardenhotel.com.vn\/vi\/wp-json\/wp\/v2\/media\/1839"}],"wp:attachment":[{"href":"https:\/\/capitalgardenhotel.com.vn\/vi\/wp-json\/wp\/v2\/media?parent=860"}],"curies":[{"name":"wp","href":"https:\/\/api.w.org\/{rel}","templated":true}]}}