{"id":718,"date":"2018-12-15T02:13:07","date_gmt":"2018-12-15T02:13:07","guid":{"rendered":"https:\/\/capitalgardenhotel.com.vn\/?page_id=718"},"modified":"2024-06-13T01:39:14","modified_gmt":"2024-06-13T01:39:14","slug":"gioi-thieu","status":"publish","type":"page","link":"https:\/\/capitalgardenhotel.com.vn\/vi\/gioi-thieu\/","title":{"rendered":"Gi\u1edbi thi\u1ec7u"},"content":{"rendered":"<p>T\u1ecda l\u1ea1c t\u1ea1i khu v\u1ef1c trung t\u00e2m, g\u1ea7n Trung t\u00e2m chi\u1ebfu phim Qu\u1ed1c gia (NCC), c\u00e1ch trung t\u00e2m th\u00e0nh ph\u1ed1 ch\u1ec9 15 ph\u00fat l\u00e1i xe, c\u00e1ch s\u00e2n bay N\u1ed9i B\u00e0i 30 ph\u00fat l\u00e1i xe, kh\u00e1ch s\u1ea1n Capital Garden l\u00e0 \u0111i\u1ec3m d\u1eebng ch\u00e2n l\u00fd t\u01b0\u1edfng c\u1ee7a du kh\u00e1ch trong v\u00e0 ngo\u00e0i n\u01b0\u1edbc trong m\u1ed7i chuy\u1ebfn du l\u1ecbch hay du l\u1ecbch c\u00f9ng b\u1ea1n b\u00e8 v\u00e0 gia \u0111\u00ecnh.<\/p>\n<p>\u1ea8n m\u00ecnh trong m\u1ed9t con ph\u1ed1 y\u00ean t\u0129nh, Capital Garden l\u00e0 n\u01a1i th\u01b0 gi\u00e3n ho\u00e0n h\u1ea3o cho m\u1ed7i ng\u01b0\u1eddi sau nh\u1eefng gi\u1edd l\u00e0m vi\u1ec7c c\u0103ng th\u1eb3ng. H\u00e0ng n\u0103m, kh\u00e1ch s\u1ea1n \u0111\u00f3n h\u00e0ng ngh\u00ecn l\u01b0\u1ee3t ng\u01b0\u1eddi, trong \u0111\u00f3 ph\u1ea7n l\u1edbn l\u00e0 kh\u00e1ch h\u00e0ng Nh\u1eadt B\u1ea3n \u0111\u1ebfn l\u00e0m vi\u1ec7c l\u00e2u d\u00e0i t\u1ea1i Vi\u1ec7t Nam.<\/p>\n<p>T\u1ea1i kh\u00e1ch s\u1ea1n Capital Garden, kh\u00e1ch h\u00e0ng d\u1ec5 d\u00e0ng di chuy\u1ec3n \u0111\u1ebfn c\u00e1c \u0111\u1ecba \u0111i\u1ec3m vui ch\u01a1i gi\u1ea3i tr\u00ed nh\u01b0 C\u00f4ng vi\u00ean Indira Gandhi, Trung t\u00e2m chi\u1ebfu phim qu\u1ed1c gia, Trung t\u00e2m th\u01b0\u01a1ng m\u1ea1i Royal Park City\u2026<\/p>\n<p>Kh\u00e1ch s\u1ea1n c\u00f3 t\u1ed5ng c\u1ed9ng 72 ph\u00f2ng v\u1edbi 04 lo\u1ea1i ph\u00f2ng: Superior, Deluxe, Executive v\u00e0 Suite<\/p>\n<p>\u0110i v\u00e0o ho\u1ea1t \u0111\u1ed9ng t\u1eeb n\u0103m 1994 \u0111\u1ebfn nay, Kh\u00e1ch s\u1ea1n Capital Garden lu\u00f4n t\u1ea1o \u1ea5n t\u01b0\u1ee3ng s\u00e2u s\u1eafc trong l\u00f2ng kh\u00e1ch h\u00e0ng nh\u1edd \u0111\u1ed9i ng\u0169 nh\u00e2n vi\u00ean chuy\u00ean nghi\u1ec7p, nhi\u1ec7t t\u00ecnh v\u00e0 gi\u00e0u kinh nghi\u1ec7m.<\/p>\n<p>Ngo\u00e0i ra, Kh\u00e1ch s\u1ea1n Capital Garden lu\u00f4n l\u00e0m h\u00e0i l\u00f2ng kh\u00e1ch h\u00e0ng nh\u1edd nh\u1eefng d\u1ecbch v\u1ee5 ti\u1ec7n \u00edch phong ph\u00fa. Khi \u0111\u1ebfn v\u1edbi kh\u00e1ch s\u1ea1n Capital Garden, kh\u00e1ch h\u00e0ng s\u1ebd \u0111\u01b0\u1ee3c s\u1eed d\u1ee5ng d\u1ecbch v\u1ee5 Internet\/wifi mi\u1ec5n ph\u00ed. D\u1ecbch v\u1ee5 v\u1eadn chuy\u1ec3n v\u00e0 \u0111\u01b0a \u0111\u00f3n b\u1eb1ng xe 4 ch\u1ed7, 7 ch\u1ed7, 12 ch\u1ed7 cao c\u1ea5p t\u1eadn n\u01a1i theo y\u00eau c\u1ea7u c\u1ee7a qu\u00fd kh\u00e1ch h\u00e0ng.<\/p>\n<p>\u0110\u1eb7c bi\u1ec7t, \u0111\u1ecba ch\u1ec9 y\u00eau th\u00edch c\u1ee7a nhi\u1ec1u du kh\u00e1ch khi \u0111\u1ebfn v\u1edbi kh\u00e1ch s\u1ea1n Capital Garden ch\u00ednh l\u00e0 Nha\u0300 ha\u0300ng V\u01b0\u01a1\u0300n Thu\u0309 \u0110\u00f4. Ph\u1edf V\u01b0\u1eddn Th\u1ee7 \u0110\u00f4 n\u1ed5i ti\u1ebfng t\u1ea1i H\u00e0 N\u1ed9i v\u1edbi c\u00e1c m\u00f3n \u00c1, \u00c2u \u0111\u01b0\u1ee3c c\u00e1c \u0111\u1ea7u b\u1ebfp ch\u1ebf bi\u1ebfn c\u1ea7u k\u1ef3 mang \u0111\u1ebfn cho th\u1ef1c kh\u00e1ch nh\u1eefng tr\u1ea3i nghi\u1ec7m \u0111\u1ed9c \u0111\u00e1o v\u00e0 th\u00fa v\u1ecb.<\/p>\n<p>B\u00ean c\u1ea1nh d\u1ecbch v\u1ee5 ph\u00f2ng, kh\u00e1ch s\u1ea1n c\u00f2n l\u00e0 \u0111\u1ecba ch\u1ec9 uy t\u00edn cung c\u1ea5p d\u1ecbch v\u1ee5 h\u1ed9i h\u1ecdp, ti\u1ec7c t\u1ed1i cho c\u00e1c gia \u0111\u00ecnh, c\u00f4ng ty, doanh nghi\u1ec7p. Kh\u00f4ng ch\u1ec9 tuy\u1ec7t v\u1eddi \u1edf l\u1ed1i trang tr\u00ed tinh t\u1ebf, hi\u1ec7n \u0111\u1ea1i m\u00e0 th\u1ef1c kh\u00e1ch c\u00f2n h\u00e0i l\u00f2ng v\u00ec h\u01b0\u01a1ng v\u1ecb c\u1ee7a nh\u1eefng m\u00f3n \u0103n th\u01a1m ngon, \u0111\u01b0\u1ee3c ch\u1ebf bi\u1ebfn k\u1ef9 l\u01b0\u1ee1ng t\u1eeb \u0111\u1ea7u b\u1ebfp<\/p>\n<p>Kh\u00e1ch s\u1ea1n Capital Garden \u0111i v\u00e0o ho\u1ea1t \u0111\u1ed9ng t\u1eeb n\u0103m 1994 theo gi\u1ea5y ph\u00e9p \u0111\u1ea7u t\u01b0 s\u1ed1: 817\/GP ng\u00e0y 04\/03\/1994 v\u00e0 gi\u1ea5y ph\u00e9p \u0111i\u1ec1u ch\u1ec9nh s\u1ed1: 04\/03\/1994. 1546\/UB \u2013 QL ng\u00e0y 13\/08\/2004 \u0111i\u1ec1u ch\u1ec9nh gi\u1ea5y ph\u00e9p \u0111\u1ea7u t\u01b0 s\u1ed1 1546\/UB \u2013 QL Theo Quy\u1ebft \u0111\u1ecbnh s\u1ed1 06\/UB-QL ng\u00e0y 18\/01\/1995 do \u1ee6y ban Nh\u00e0 n\u01b0\u1edbc v\u00e0 H\u1ee3p t\u00e1c \u0111\u1ea7u t\u01b0 (nay l\u00e0 B\u1ed9 K\u1ebf ho\u1ea1ch v\u00e0 \u0110\u1ea7u t\u01b0) c\u1ea5p v\u00e0 ho\u1ea1t \u0111\u1ed9ng theo h\u00ecnh th\u1ee9c c\u00f4ng ty c\u1ed5 ph\u1ea7n t\u1eeb n\u0103m 2017 v\u1edbi ph\u1ea7n l\u1edbn c\u1ed5 ph\u1ea7n thu\u1ed9c C\u00f4ng ty X\u00e2y d\u1ef1ng TP.HCM.<\/p>\n","protected":false},"excerpt":{"rendered":"<p>T\u1ecda l\u1ea1c t\u1ea1i khu v\u1ef1c trung t\u00e2m, g\u1ea7n Trung t\u00e2m chi\u1ebfu phim Qu\u1ed1c gia (NCC), c\u00e1ch trung t\u00e2m th\u00e0nh ph\u1ed1 ch\u1ec9 15 ph\u00fat l\u00e1i xe, c\u00e1ch s\u00e2n bay N\u1ed9i B\u00e0i 30 ph\u00fat l\u00e1i xe, kh\u00e1ch s\u1ea1n Capital Garden l\u00e0 \u0111i\u1ec3m d\u1eebng ch\u00e2n l\u00fd t\u01b0\u1edfng c\u1ee7a du kh\u00e1ch trong v\u00e0 ngo\u00e0i n\u01b0\u1edbc trong m\u1ed7i chuy\u1ebfn du [&hellip;]<\/p>\n","protected":false},"author":1,"featured_media":1848,"parent":0,"menu_order":9,"comment_status":"closed","ping_status":"closed","template":"page-about.php","meta":{"_acf_changed":false,"footnotes":""},"class_list":["post-718","page","type-page","status-publish","has-post-thumbnail","hentry"],"acf":[],"yoast_head":"<!-- This site is optimized with the Yoast SEO plugin v25.0 - https:\/\/yoast.com\/wordpress\/plugins\/seo\/ -->\n<title>Capital Garden Hotel - Kh\u00e1ch s\u1ea1n V\u01b0\u1eddn Th\u1ee7 \u0110\u00f4<\/title>\n<meta name=\"robots\" content=\"index, follow, max-snippet:-1, max-image-preview:large, max-video-preview:-1\" \/>\n<link rel=\"canonical\" href=\"https:\/\/capitalgardenhotel.com.vn\/vi\/gioi-thieu\/\" \/>\n<meta property=\"og:locale\" content=\"vi_VN\" \/>\n<meta property=\"og:type\" content=\"article\" \/>\n<meta property=\"og:title\" content=\"Capital Garden Hotel - Kh\u00e1ch s\u1ea1n V\u01b0\u1eddn Th\u1ee7 \u0110\u00f4\" \/>\n<meta property=\"og:description\" content=\"T\u1ecda l\u1ea1c t\u1ea1i khu v\u1ef1c trung t\u00e2m, g\u1ea7n Trung t\u00e2m chi\u1ebfu phim Qu\u1ed1c gia (NCC), c\u00e1ch trung t\u00e2m th\u00e0nh ph\u1ed1 ch\u1ec9 15 ph\u00fat l\u00e1i xe, c\u00e1ch s\u00e2n bay N\u1ed9i B\u00e0i 30 ph\u00fat l\u00e1i xe, kh\u00e1ch s\u1ea1n Capital Garden l\u00e0 \u0111i\u1ec3m d\u1eebng ch\u00e2n l\u00fd t\u01b0\u1edfng c\u1ee7a du kh\u00e1ch trong v\u00e0 ngo\u00e0i n\u01b0\u1edbc trong m\u1ed7i chuy\u1ebfn du [&hellip;]\" \/>\n<meta property=\"og:url\" content=\"https:\/\/capitalgardenhotel.com.vn\/vi\/gioi-thieu\/\" \/>\n<meta property=\"og:site_name\" content=\"Capital Garden Hotel - Kh\u00e1ch s\u1ea1n v\u01b0\u1eddn Th\u1ee7 \u0110\u00f4\" \/>\n<meta property=\"article:modified_time\" content=\"2024-06-13T01:39:14+00:00\" \/>\n<meta property=\"og:image\" content=\"https:\/\/capitalgardenhotel.com.vn\/wp-content\/uploads\/2024\/04\/Anh-mat-tien-Capital.webp\" \/>\n\t<meta property=\"og:image:width\" content=\"570\" \/>\n\t<meta property=\"og:image:height\" content=\"321\" \/>\n\t<meta property=\"og:image:type\" content=\"image\/webp\" \/>\n<meta name=\"twitter:card\" content=\"summary_large_image\" \/>\n<meta name=\"twitter:label1\" content=\"Est. reading time\" \/>\n\t<meta name=\"twitter:data1\" content=\"3 minutes\" \/>\n<script type=\"application\/ld+json\" class=\"yoast-schema-graph\">{\"@context\":\"https:\/\/schema.org\",\"@graph\":[{\"@type\":\"WebPage\",\"@id\":\"https:\/\/capitalgardenhotel.com.vn\/vi\/gioi-thieu\/\",\"url\":\"https:\/\/capitalgardenhotel.com.vn\/vi\/gioi-thieu\/\",\"name\":\"Capital Garden Hotel - Kh\u00e1ch s\u1ea1n V\u01b0\u1eddn Th\u1ee7 \u0110\u00f4\",\"isPartOf\":{\"@id\":\"https:\/\/capitalgardenhotel.com.vn\/#website\"},\"primaryImageOfPage\":{\"@id\":\"https:\/\/capitalgardenhotel.com.vn\/vi\/gioi-thieu\/#primaryimage\"},\"image\":{\"@id\":\"https:\/\/capitalgardenhotel.com.vn\/vi\/gioi-thieu\/#primaryimage\"},\"thumbnailUrl\":\"https:\/\/capitalgardenhotel.com.vn\/wp-content\/uploads\/2024\/04\/Anh-mat-tien-Capital.webp\",\"datePublished\":\"2018-12-15T02:13:07+00:00\",\"dateModified\":\"2024-06-13T01:39:14+00:00\",\"breadcrumb\":{\"@id\":\"https:\/\/capitalgardenhotel.com.vn\/vi\/gioi-thieu\/#breadcrumb\"},\"inLanguage\":\"vi-VN\",\"potentialAction\":[{\"@type\":\"ReadAction\",\"target\":[\"https:\/\/capitalgardenhotel.com.vn\/vi\/gioi-thieu\/\"]}]},{\"@type\":\"ImageObject\",\"inLanguage\":\"vi-VN\",\"@id\":\"https:\/\/capitalgardenhotel.com.vn\/vi\/gioi-thieu\/#primaryimage\",\"url\":\"https:\/\/capitalgardenhotel.com.vn\/wp-content\/uploads\/2024\/04\/Anh-mat-tien-Capital.webp\",\"contentUrl\":\"https:\/\/capitalgardenhotel.com.vn\/wp-content\/uploads\/2024\/04\/Anh-mat-tien-Capital.webp\",\"width\":570,\"height\":321},{\"@type\":\"BreadcrumbList\",\"@id\":\"https:\/\/capitalgardenhotel.com.vn\/vi\/gioi-thieu\/#breadcrumb\",\"itemListElement\":[{\"@type\":\"ListItem\",\"position\":1,\"name\":\"Home\",\"item\":\"https:\/\/capitalgardenhotel.com.vn\/\"},{\"@type\":\"ListItem\",\"position\":2,\"name\":\"Gi\u1edbi thi\u1ec7u\"}]},{\"@type\":\"WebSite\",\"@id\":\"https:\/\/capitalgardenhotel.com.vn\/#website\",\"url\":\"https:\/\/capitalgardenhotel.com.vn\/\",\"name\":\"Capital Garden Hotel\",\"description\":\"\",\"potentialAction\":[{\"@type\":\"SearchAction\",\"target\":{\"@type\":\"EntryPoint\",\"urlTemplate\":\"https:\/\/capitalgardenhotel.com.vn\/?s={search_term_string}\"},\"query-input\":{\"@type\":\"PropertyValueSpecification\",\"valueRequired\":true,\"valueName\":\"search_term_string\"}}],\"inLanguage\":\"vi-VN\"}]}<\/script>\n<!-- \/ Yoast SEO plugin. -->","yoast_head_json":{"title":"Capital Garden Hotel - Kh\u00e1ch s\u1ea1n V\u01b0\u1eddn Th\u1ee7 \u0110\u00f4","robots":{"index":"index","follow":"follow","max-snippet":"max-snippet:-1","max-image-preview":"max-image-preview:large","max-video-preview":"max-video-preview:-1"},"canonical":"https:\/\/capitalgardenhotel.com.vn\/vi\/gioi-thieu\/","og_locale":"vi_VN","og_type":"article","og_title":"Capital Garden Hotel - Kh\u00e1ch s\u1ea1n V\u01b0\u1eddn Th\u1ee7 \u0110\u00f4","og_description":"T\u1ecda l\u1ea1c t\u1ea1i khu v\u1ef1c trung t\u00e2m, g\u1ea7n Trung t\u00e2m chi\u1ebfu phim Qu\u1ed1c gia (NCC), c\u00e1ch trung t\u00e2m th\u00e0nh ph\u1ed1 ch\u1ec9 15 ph\u00fat l\u00e1i xe, c\u00e1ch s\u00e2n bay N\u1ed9i B\u00e0i 30 ph\u00fat l\u00e1i xe, kh\u00e1ch s\u1ea1n Capital Garden l\u00e0 \u0111i\u1ec3m d\u1eebng ch\u00e2n l\u00fd t\u01b0\u1edfng c\u1ee7a du kh\u00e1ch trong v\u00e0 ngo\u00e0i n\u01b0\u1edbc trong m\u1ed7i chuy\u1ebfn du [&hellip;]","og_url":"https:\/\/capitalgardenhotel.com.vn\/vi\/gioi-thieu\/","og_site_name":"Capital Garden Hotel - Kh\u00e1ch s\u1ea1n v\u01b0\u1eddn Th\u1ee7 \u0110\u00f4","article_modified_time":"2024-06-13T01:39:14+00:00","og_image":[{"width":570,"height":321,"url":"https:\/\/capitalgardenhotel.com.vn\/wp-content\/uploads\/2024\/04\/Anh-mat-tien-Capital.webp","type":"image\/webp"}],"twitter_card":"summary_large_image","twitter_misc":{"Est. reading time":"3 minutes"},"schema":{"@context":"https:\/\/schema.org","@graph":[{"@type":"WebPage","@id":"https:\/\/capitalgardenhotel.com.vn\/vi\/gioi-thieu\/","url":"https:\/\/capitalgardenhotel.com.vn\/vi\/gioi-thieu\/","name":"Capital Garden Hotel - Kh\u00e1ch s\u1ea1n V\u01b0\u1eddn Th\u1ee7 \u0110\u00f4","isPartOf":{"@id":"https:\/\/capitalgardenhotel.com.vn\/#website"},"primaryImageOfPage":{"@id":"https:\/\/capitalgardenhotel.com.vn\/vi\/gioi-thieu\/#primaryimage"},"image":{"@id":"https:\/\/capitalgardenhotel.com.vn\/vi\/gioi-thieu\/#primaryimage"},"thumbnailUrl":"https:\/\/capitalgardenhotel.com.vn\/wp-content\/uploads\/2024\/04\/Anh-mat-tien-Capital.webp","datePublished":"2018-12-15T02:13:07+00:00","dateModified":"2024-06-13T01:39:14+00:00","breadcrumb":{"@id":"https:\/\/capitalgardenhotel.com.vn\/vi\/gioi-thieu\/#breadcrumb"},"inLanguage":"vi-VN","potentialAction":[{"@type":"ReadAction","target":["https:\/\/capitalgardenhotel.com.vn\/vi\/gioi-thieu\/"]}]},{"@type":"ImageObject","inLanguage":"vi-VN","@id":"https:\/\/capitalgardenhotel.com.vn\/vi\/gioi-thieu\/#primaryimage","url":"https:\/\/capitalgardenhotel.com.vn\/wp-content\/uploads\/2024\/04\/Anh-mat-tien-Capital.webp","contentUrl":"https:\/\/capitalgardenhotel.com.vn\/wp-content\/uploads\/2024\/04\/Anh-mat-tien-Capital.webp","width":570,"height":321},{"@type":"BreadcrumbList","@id":"https:\/\/capitalgardenhotel.com.vn\/vi\/gioi-thieu\/#breadcrumb","itemListElement":[{"@type":"ListItem","position":1,"name":"Home","item":"https:\/\/capitalgardenhotel.com.vn\/"},{"@type":"ListItem","position":2,"name":"Gi\u1edbi thi\u1ec7u"}]},{"@type":"WebSite","@id":"https:\/\/capitalgardenhotel.com.vn\/#website","url":"https:\/\/capitalgardenhotel.com.vn\/","name":"Capital Garden Hotel","description":"","potentialAction":[{"@type":"SearchAction","target":{"@type":"EntryPoint","urlTemplate":"https:\/\/capitalgardenhotel.com.vn\/?s={search_term_string}"},"query-input":{"@type":"PropertyValueSpecification","valueRequired":true,"valueName":"search_term_string"}}],"inLanguage":"vi-VN"}]}},"_links":{"self":[{"href":"https:\/\/capitalgardenhotel.com.vn\/vi\/wp-json\/wp\/v2\/pages\/718","targetHints":{"allow":["GET"]}}],"collection":[{"href":"https:\/\/capitalgardenhotel.com.vn\/vi\/wp-json\/wp\/v2\/pages"}],"about":[{"href":"https:\/\/capitalgardenhotel.com.vn\/vi\/wp-json\/wp\/v2\/types\/page"}],"author":[{"embeddable":true,"href":"https:\/\/capitalgardenhotel.com.vn\/vi\/wp-json\/wp\/v2\/users\/1"}],"replies":[{"embeddable":true,"href":"https:\/\/capitalgardenhotel.com.vn\/vi\/wp-json\/wp\/v2\/comments?post=718"}],"version-history":[{"count":0,"href":"https:\/\/capitalgardenhotel.com.vn\/vi\/wp-json\/wp\/v2\/pages\/718\/revisions"}],"wp:featuredmedia":[{"embeddable":true,"href":"https:\/\/capitalgardenhotel.com.vn\/vi\/wp-json\/wp\/v2\/media\/1848"}],"wp:attachment":[{"href":"https:\/\/capitalgardenhotel.com.vn\/vi\/wp-json\/wp\/v2\/media?parent=718"}],"curies":[{"name":"wp","href":"https:\/\/api.w.org\/{rel}","templated":true}]}}